{"id":2102,"date":"2025-06-13T08:57:24","date_gmt":"2025-06-13T08:57:24","guid":{"rendered":"https:\/\/i-kahawa.com\/index.php\/product\/pack-decouverte\/"},"modified":"2025-06-13T09:04:02","modified_gmt":"2025-06-13T09:04:02","slug":"pack-decouverte","status":"publish","type":"product","link":"https:\/\/i-kahawa.com\/index.php\/product\/pack-decouverte\/","title":{"rendered":"Pack D\u00e9couverte"},"content":{"rendered":"<p>Contient 3 paquets de 100g : Bourbon de Kayanza, Jackson de Ngozi, et notre M\u00e9lange Espresso. Le cadeau parfait pour les amateurs de caf\u00e9.<\/p>\n","protected":false},"excerpt":{"rendered":"<p>Explorez trois de nos meilleurs caf\u00e9s en format d\u00e9gustation.<\/p>\n","protected":false},"featured_media":1916,"template":"","meta":{"_acf_changed":false},"product_brand":[],"product_cat":[23],"product_tag":[],"class_list":{"0":"post-2102","1":"product","2":"type-product","3":"status-publish","4":"has-post-thumbnail","6":"product_cat-drinks","8":"first","9":"instock","10":"shipping-taxable","11":"purchasable","12":"product-type-simple"},"acf":[],"yoast_head":"<!-- This site is optimized with the Yoast SEO plugin v25.2 - https:\/\/yoast.com\/wordpress\/plugins\/seo\/ -->\n<title>Pack D\u00e9couverte - IKAWA<\/title>\n<meta name=\"robots\" content=\"index, follow, max-snippet:-1, max-image-preview:large, max-video-preview:-1\" \/>\n<link rel=\"canonical\" href=\"https:\/\/i-kahawa.com\/index.php\/product\/pack-decouverte\/\" \/>\n<meta property=\"og:locale\" content=\"en_US\" \/>\n<meta property=\"og:type\" content=\"article\" \/>\n<meta property=\"og:title\" content=\"Pack D\u00e9couverte - IKAWA\" \/>\n<meta property=\"og:description\" content=\"Explorez trois de nos meilleurs caf\u00e9s en format d\u00e9gustation.\" \/>\n<meta property=\"og:url\" content=\"https:\/\/i-kahawa.com\/index.php\/product\/pack-decouverte\/\" \/>\n<meta property=\"og:site_name\" content=\"IKAWA\" \/>\n<meta property=\"article:modified_time\" content=\"2025-06-13T09:04:02+00:00\" \/>\n<meta property=\"og:image\" content=\"https:\/\/i-kahawa.com\/wp-content\/uploads\/2025\/06\/nathan-dumlao-PDipEilB0b8-unsplash.jpg\" \/>\n\t<meta property=\"og:image:width\" content=\"640\" \/>\n\t<meta property=\"og:image:height\" content=\"960\" \/>\n\t<meta property=\"og:image:type\" content=\"image\/jpeg\" \/>\n<meta name=\"twitter:card\" content=\"summary_large_image\" \/>\n<script type=\"application\/ld+json\" class=\"yoast-schema-graph\">{\"@context\":\"https:\/\/schema.org\",\"@graph\":[{\"@type\":\"WebPage\",\"@id\":\"https:\/\/i-kahawa.com\/index.php\/product\/pack-decouverte\/\",\"url\":\"https:\/\/i-kahawa.com\/index.php\/product\/pack-decouverte\/\",\"name\":\"Pack D\u00e9couverte - IKAWA\",\"isPartOf\":{\"@id\":\"https:\/\/i-kahawa.com\/#website\"},\"primaryImageOfPage\":{\"@id\":\"https:\/\/i-kahawa.com\/index.php\/product\/pack-decouverte\/#primaryimage\"},\"image\":{\"@id\":\"https:\/\/i-kahawa.com\/index.php\/product\/pack-decouverte\/#primaryimage\"},\"thumbnailUrl\":\"https:\/\/i-kahawa.com\/wp-content\/uploads\/2025\/06\/nathan-dumlao-PDipEilB0b8-unsplash.jpg\",\"datePublished\":\"2025-06-13T08:57:24+00:00\",\"dateModified\":\"2025-06-13T09:04:02+00:00\",\"breadcrumb\":{\"@id\":\"https:\/\/i-kahawa.com\/index.php\/product\/pack-decouverte\/#breadcrumb\"},\"inLanguage\":\"en-US\",\"potentialAction\":[{\"@type\":\"ReadAction\",\"target\":[\"https:\/\/i-kahawa.com\/index.php\/product\/pack-decouverte\/\"]}]},{\"@type\":\"ImageObject\",\"inLanguage\":\"en-US\",\"@id\":\"https:\/\/i-kahawa.com\/index.php\/product\/pack-decouverte\/#primaryimage\",\"url\":\"https:\/\/i-kahawa.com\/wp-content\/uploads\/2025\/06\/nathan-dumlao-PDipEilB0b8-unsplash.jpg\",\"contentUrl\":\"https:\/\/i-kahawa.com\/wp-content\/uploads\/2025\/06\/nathan-dumlao-PDipEilB0b8-unsplash.jpg\",\"width\":640,\"height\":960},{\"@type\":\"BreadcrumbList\",\"@id\":\"https:\/\/i-kahawa.com\/index.php\/product\/pack-decouverte\/#breadcrumb\",\"itemListElement\":[{\"@type\":\"ListItem\",\"position\":1,\"name\":\"Home\",\"item\":\"https:\/\/i-kahawa.com\/\"},{\"@type\":\"ListItem\",\"position\":2,\"name\":\"Shop\",\"item\":\"https:\/\/i-kahawa.com\/index.php\/shop-2\/\"},{\"@type\":\"ListItem\",\"position\":3,\"name\":\"Pack D\u00e9couverte\"}]},{\"@type\":\"WebSite\",\"@id\":\"https:\/\/i-kahawa.com\/#website\",\"url\":\"https:\/\/i-kahawa.com\/\",\"name\":\"IKAWA\",\"description\":\"Burundian Coffee\",\"potentialAction\":[{\"@type\":\"SearchAction\",\"target\":{\"@type\":\"EntryPoint\",\"urlTemplate\":\"https:\/\/i-kahawa.com\/?s={search_term_string}\"},\"query-input\":{\"@type\":\"PropertyValueSpecification\",\"valueRequired\":true,\"valueName\":\"search_term_string\"}}],\"inLanguage\":\"en-US\"}]}<\/script>\n<!-- \/ Yoast SEO plugin. -->","yoast_head_json":{"title":"Pack D\u00e9couverte - IKAWA","robots":{"index":"index","follow":"follow","max-snippet":"max-snippet:-1","max-image-preview":"max-image-preview:large","max-video-preview":"max-video-preview:-1"},"canonical":"https:\/\/i-kahawa.com\/index.php\/product\/pack-decouverte\/","og_locale":"en_US","og_type":"article","og_title":"Pack D\u00e9couverte - IKAWA","og_description":"Explorez trois de nos meilleurs caf\u00e9s en format d\u00e9gustation.","og_url":"https:\/\/i-kahawa.com\/index.php\/product\/pack-decouverte\/","og_site_name":"IKAWA","article_modified_time":"2025-06-13T09:04:02+00:00","og_image":[{"width":640,"height":960,"url":"https:\/\/i-kahawa.com\/wp-content\/uploads\/2025\/06\/nathan-dumlao-PDipEilB0b8-unsplash.jpg","type":"image\/jpeg"}],"twitter_card":"summary_large_image","schema":{"@context":"https:\/\/schema.org","@graph":[{"@type":"WebPage","@id":"https:\/\/i-kahawa.com\/index.php\/product\/pack-decouverte\/","url":"https:\/\/i-kahawa.com\/index.php\/product\/pack-decouverte\/","name":"Pack D\u00e9couverte - IKAWA","isPartOf":{"@id":"https:\/\/i-kahawa.com\/#website"},"primaryImageOfPage":{"@id":"https:\/\/i-kahawa.com\/index.php\/product\/pack-decouverte\/#primaryimage"},"image":{"@id":"https:\/\/i-kahawa.com\/index.php\/product\/pack-decouverte\/#primaryimage"},"thumbnailUrl":"https:\/\/i-kahawa.com\/wp-content\/uploads\/2025\/06\/nathan-dumlao-PDipEilB0b8-unsplash.jpg","datePublished":"2025-06-13T08:57:24+00:00","dateModified":"2025-06-13T09:04:02+00:00","breadcrumb":{"@id":"https:\/\/i-kahawa.com\/index.php\/product\/pack-decouverte\/#breadcrumb"},"inLanguage":"en-US","potentialAction":[{"@type":"ReadAction","target":["https:\/\/i-kahawa.com\/index.php\/product\/pack-decouverte\/"]}]},{"@type":"ImageObject","inLanguage":"en-US","@id":"https:\/\/i-kahawa.com\/index.php\/product\/pack-decouverte\/#primaryimage","url":"https:\/\/i-kahawa.com\/wp-content\/uploads\/2025\/06\/nathan-dumlao-PDipEilB0b8-unsplash.jpg","contentUrl":"https:\/\/i-kahawa.com\/wp-content\/uploads\/2025\/06\/nathan-dumlao-PDipEilB0b8-unsplash.jpg","width":640,"height":960},{"@type":"BreadcrumbList","@id":"https:\/\/i-kahawa.com\/index.php\/product\/pack-decouverte\/#breadcrumb","itemListElement":[{"@type":"ListItem","position":1,"name":"Home","item":"https:\/\/i-kahawa.com\/"},{"@type":"ListItem","position":2,"name":"Shop","item":"https:\/\/i-kahawa.com\/index.php\/shop-2\/"},{"@type":"ListItem","position":3,"name":"Pack D\u00e9couverte"}]},{"@type":"WebSite","@id":"https:\/\/i-kahawa.com\/#website","url":"https:\/\/i-kahawa.com\/","name":"IKAWA","description":"Burundian Coffee","potentialAction":[{"@type":"SearchAction","target":{"@type":"EntryPoint","urlTemplate":"https:\/\/i-kahawa.com\/?s={search_term_string}"},"query-input":{"@type":"PropertyValueSpecification","valueRequired":true,"valueName":"search_term_string"}}],"inLanguage":"en-US"}]}},"_links":{"self":[{"href":"https:\/\/i-kahawa.com\/index.php\/wp-json\/wp\/v2\/product\/2102","targetHints":{"allow":["GET"]}}],"collection":[{"href":"https:\/\/i-kahawa.com\/index.php\/wp-json\/wp\/v2\/product"}],"about":[{"href":"https:\/\/i-kahawa.com\/index.php\/wp-json\/wp\/v2\/types\/product"}],"wp:featuredmedia":[{"embeddable":true,"href":"https:\/\/i-kahawa.com\/index.php\/wp-json\/wp\/v2\/media\/1916"}],"wp:attachment":[{"href":"https:\/\/i-kahawa.com\/index.php\/wp-json\/wp\/v2\/media?parent=2102"}],"wp:term":[{"taxonomy":"product_brand","embeddable":true,"href":"https:\/\/i-kahawa.com\/index.php\/wp-json\/wp\/v2\/product_brand?post=2102"},{"taxonomy":"product_cat","embeddable":true,"href":"https:\/\/i-kahawa.com\/index.php\/wp-json\/wp\/v2\/product_cat?post=2102"},{"taxonomy":"product_tag","embeddable":true,"href":"https:\/\/i-kahawa.com\/index.php\/wp-json\/wp\/v2\/product_tag?post=2102"}],"curies":[{"name":"wp","href":"https:\/\/api.w.org\/{rel}","templated":true}]}}